{"id":1443,"date":"2020-11-11T20:38:09","date_gmt":"2020-11-11T20:38:09","guid":{"rendered":"https:\/\/meteoalanis.com\/?page_id=1443"},"modified":"2026-03-01T12:41:02","modified_gmt":"2026-03-01T11:41:02","slug":"mensuales","status":"publish","type":"page","link":"https:\/\/meteoalanis.com\/?page_id=1443","title":{"rendered":"Graficos<br>mensuales<br>y anuales."},"content":{"rendered":"<p style=\"text-align: right;\">\n<p><span style=\"color: #ff6600; font-size: 12pt;\">Estos gr\u00e1ficos trazan observaciones meteorol\u00f3gicas registradas en esta estaci\u00f3n durante el \u00faltimo a\u00f1o. Los datos utilizados (m\u00e1ximo, m\u00ednimo, promedio o suma) se basan en un d\u00eda de 24 horas desde la medianoche hasta la medianoche siguente. El per\u00edodo de tiempo mostrado por el gr\u00e1fico se puede cambiar usando los botones de Zoom, la barra de desplazamiento de navegaci\u00f3n o haciendo clic y arrastrando el gr\u00e1fico en s\u00ed. Tenga en cuenta que para las visualizaciones durante un per\u00edodo prolongado puede producirse alguna agrupaci\u00f3n adicional de datos en per\u00edodos semanales; en tales casos, la \u00abinformaci\u00f3n sobre las herramientas\u00bb indicar\u00e1 el per\u00edodo de agrupaci\u00f3n utilizado.<\/span><br \/>\n&nbsp;<br \/>\n<!DOCTYPE HTML PUBLIC \"-\/\/W3C\/\/DTD XHTML 1.0 Strict\/\/EN\" \"http:\/\/www.w3.org\/TR\/xhtml1\/DTD\/xhtml1-strict.dtd\">\n<html>\n<!--\nVersion: 0.3.0                                    Date: 20 September 2020\n\nRevision History\n    20 September 2020   v0.3.0\n        - version number change only\n    4 September 2018    v0.2.2\n        - version number change only\n    4 May 2017          v0.2.0\n        - changed default path for theme.js and plots.js\n    22 November 2016    v0.1.0\n        - initial implementation\n-->\n\n  <head>\n    <meta http-equiv=\"Content-Type\" content=\"text\/html; charset=utf-8\"\/>\n    <title>Graficos anuales<\/title>\n    <script src=\"https:\/\/ajax.googleapis.com\/ajax\/libs\/jquery\/3.5.1\/jquery.min.js\"><\/script>\n    <script src=\"https:\/\/code.highcharts.com\/stock\/highstock.js\"><\/script>\n    <script src=\"https:\/\/code.highcharts.com\/stock\/highcharts-more.js\"><\/script>\n    <script src=\"https:\/\/code.highcharts.com\/stock\/modules\/exporting.js\"><\/script>\n    <script src=\"\/scripts\/theme.js\" type=\"text\/javascript\"><\/script>\n    <script src=\"\/scripts\/plots.js\" type=\"text\/javascript\"><\/script>\n    <script type=\"text\/javascript\">\n        window.onload = function() {\n            \/\/Get references to links on the page\n\n            var y = document.getElementById(\"calendar_year\");\n\n             yearly();\n\n\n        }\n    <\/script>\n  <\/head>\n  <body>\n\n    <div style=\"width:100%;\">\n        <p><\/p>\n        <p><span id=\"plotdesc\"><\/span><\/p>\n        <div id=\"temperatureplot\" style=\"width:99%; height:435px;\"><\/div>\n        <br>\n        <div id=\"windchillplot\" style=\"width:99%; height:435px;\"><\/div>\n        <br>\n        <div id=\"humidityplot\" style=\"width:99%; height:435px;\"><\/div>\n        <br>\n        <div id=\"barometerplot\" style=\"width:99%; height:435px;\"><\/div>\n        <br>\n        <div id=\"windplot\" style=\"width:99%; height:435px;\"><\/div>\n        <br>\n        <div id=\"winddirplot\" style=\"width:99%; height:435px;\"><\/div>\n        <br>\n        <div id=\"rainplot\" style=\"width:99%; height:435px;\"><\/div>\n\n\n    <\/div>\n  <\/body> \n<\/html>\n<\/p>\n","protected":false},"excerpt":{"rendered":"","protected":false},"author":1,"featured_media":0,"parent":0,"menu_order":10,"comment_status":"closed","ping_status":"closed","template":"","meta":{"footnotes":""},"class_list":["post-1443","page","type-page","status-publish","hentry"],"_links":{"self":[{"href":"https:\/\/meteoalanis.com\/index.php?rest_route=\/wp\/v2\/pages\/1443","targetHints":{"allow":["GET"]}}],"collection":[{"href":"https:\/\/meteoalanis.com\/index.php?rest_route=\/wp\/v2\/pages"}],"about":[{"href":"https:\/\/meteoalanis.com\/index.php?rest_route=\/wp\/v2\/types\/page"}],"author":[{"embeddable":true,"href":"https:\/\/meteoalanis.com\/index.php?rest_route=\/wp\/v2\/users\/1"}],"replies":[{"embeddable":true,"href":"https:\/\/meteoalanis.com\/index.php?rest_route=%2Fwp%2Fv2%2Fcomments&post=1443"}],"version-history":[{"count":12,"href":"https:\/\/meteoalanis.com\/index.php?rest_route=\/wp\/v2\/pages\/1443\/revisions"}],"predecessor-version":[{"id":2438,"href":"https:\/\/meteoalanis.com\/index.php?rest_route=\/wp\/v2\/pages\/1443\/revisions\/2438"}],"wp:attachment":[{"href":"https:\/\/meteoalanis.com\/index.php?rest_route=%2Fwp%2Fv2%2Fmedia&parent=1443"}],"curies":[{"name":"wp","href":"https:\/\/api.w.org\/{rel}","templated":true}]}}