{"id":1556,"date":"2020-11-14T01:56:18","date_gmt":"2020-11-14T01:56:18","guid":{"rendered":"https:\/\/meteoalanis.com\/?page_id=1556"},"modified":"2021-05-01T14:54:42","modified_gmt":"2021-05-01T12:54:42","slug":"acerca-de","status":"publish","type":"page","link":"https:\/\/meteoalanis.com\/?page_id=1556","title":{"rendered":"Acerca de&#8230;"},"content":{"rendered":"<p><span style=\"color: #0000ff;\">Esta estaci\u00f3n usa una Fine Offset WS1080 de nuevo dise\u00f1o, controlada por <a style=\"color: #0000ff;\" href=\"http:\/\/www.weewx.com\">&#8216;Weewx&#8217;<\/a>, un software meteorol\u00f3gico escrito en Python. Weewx ha sido dise\u00f1ado para ser simple, rapido, y facil de entender empleando conceptos de software modernos. <\/span><\/p>\n<p><span style=\"color: #0000ff;\">Para presentar los datos en <a style=\"color: #0000ff;\" href=\"https:\/\/es.wordpress.org\/\">WordPress<\/a> se utilizan los plugins: <a style=\"color: #0000ff;\" href=\"https:\/\/weather.station.software\/\">Weather Station<\/a> y <strong>ByteWeewx <\/strong>un plugin que usa shortcodes con los datos de Weewx.<\/span><\/p>\n<div style=\"text-align: center;\">\n<p>&nbsp;<\/p>\n<p style=\"text-align: center;\">La estaci\u00f3n colabora con :<\/p>\n<div align=\"center\"><a href=\"http:\/\/www.meteoclimatic.net\/perfil\/ESAND4100000041380A\"><img decoding=\"async\" src=\"http:\/\/www.meteoclimatic.net\/pastilla\/ESAND4100000041380A.gif\" alt=\"Meteoclimatic +2.000 estaciones on-line\"><\/a><\/div>\n<div align=\"center\">&nbsp;<\/div>\n<div align=\"center\"><a href=\"https:\/\/app.weathercloud.net\/d0157207862\"><img decoding=\"async\" src=\"https:\/\/app.weathercloud.net\/device\/sticker\/0157207862\"><\/a><\/div>\n<p><iframe loading=\"lazy\" src=\"https:\/\/widget.awekas.at\/widget4.php?id=13480&amp;lng=es&amp;uni=c&amp;wuni=km&amp;rad=0&amp;bg=#178bcf1a&amp;co=#000000ff&amp;bo=#b9b9b9ff\" name=\"AWEKAS Wetterwidget\" marginwidth=\"0\" marginheight=\"0\" scrolling=\"no\" width=\"300\" height=\"250\" frameborder=\"0\"><\/iframe><\/p>\n<div align=\"center\">Ubicaci\u00f3n de la estaci\u00f3n meteorol\u00f3gica<\/div>\n<p><iframe loading=\"lazy\" style=\"border: 0;\" src=\"https:\/\/www.google.com\/maps\/embed?pb=!1m18!1m12!1m3!1d1571.2137337650827!2d-5.712395399438413!3d38.03712489820684!2m3!1f0!2f0!3f0!3m2!1i1024!2i768!4f13.1!3m3!1m2!1s0xd130838e62f1faf%3A0x9c9190f5412c2887!2zQ2FsbGUgQ2HDsW9uLCA0LCA0MTM4MCBBbGFuw61zLCBTZXZpbGxh!5e0!3m2!1ses!2ses!4v1544838050530\" allowfullscreen=\"allowfullscreen\" width=\"600\" height=\"450\" frameborder=\"0\"><\/iframe>\n<\/div>\n","protected":false},"excerpt":{"rendered":"","protected":false},"author":1,"featured_media":0,"parent":0,"menu_order":6,"comment_status":"closed","ping_status":"closed","template":"","meta":{"footnotes":""},"class_list":["post-1556","page","type-page","status-publish","hentry"],"_links":{"self":[{"href":"https:\/\/meteoalanis.com\/index.php?rest_route=\/wp\/v2\/pages\/1556","targetHints":{"allow":["GET"]}}],"collection":[{"href":"https:\/\/meteoalanis.com\/index.php?rest_route=\/wp\/v2\/pages"}],"about":[{"href":"https:\/\/meteoalanis.com\/index.php?rest_route=\/wp\/v2\/types\/page"}],"author":[{"embeddable":true,"href":"https:\/\/meteoalanis.com\/index.php?rest_route=\/wp\/v2\/users\/1"}],"replies":[{"embeddable":true,"href":"https:\/\/meteoalanis.com\/index.php?rest_route=%2Fwp%2Fv2%2Fcomments&post=1556"}],"version-history":[{"count":47,"href":"https:\/\/meteoalanis.com\/index.php?rest_route=\/wp\/v2\/pages\/1556\/revisions"}],"predecessor-version":[{"id":2032,"href":"https:\/\/meteoalanis.com\/index.php?rest_route=\/wp\/v2\/pages\/1556\/revisions\/2032"}],"wp:attachment":[{"href":"https:\/\/meteoalanis.com\/index.php?rest_route=%2Fwp%2Fv2%2Fmedia&parent=1556"}],"curies":[{"name":"wp","href":"https:\/\/api.w.org\/{rel}","templated":true}]}}